{"id":2,"date":"2021-10-19T19:08:55","date_gmt":"2021-10-19T19:08:55","guid":{"rendered":"http:\/\/www.jovi-cargo.com\/?page_id=2"},"modified":"2021-11-16T13:12:28","modified_gmt":"2021-11-16T13:12:28","slug":"impressum","status":"publish","type":"page","link":"https:\/\/www.jovi-cargo.com\/de\/impressum\/","title":{"rendered":"Impressum"},"content":{"rendered":"<p>[vc_row][vc_column][vc_column_text]\n\t\t\t<!-- START videobg 1 REVOLUTION SLIDER 6.5.4 --><p class=\"rs-p-wp-fix\"><\/p>\n\t\t\t<rs-module-wrap id=\"rev_slider_3_1_wrapper\" data-source=\"gallery\" style=\"visibility:hidden;background:transparent;padding:0;margin:0px auto;margin-top:0;margin-bottom:0;\">\n\t\t\t\t<rs-module id=\"rev_slider_3_1\" style=\"\" data-version=\"6.5.4\">\n\t\t\t\t\t<rs-slides>\n\t\t\t\t\t\t<rs-slide data-key=\"rs-4\" data-title=\"Slide\" data-in=\"o:0;\" data-out=\"a:false;\">\n\t\t\t\t\t\t\t<img loading=\"lazy\" decoding=\"async\" src=\"\/\/www.jovi-cargo.com\/wp-content\/plugins\/revslider\/public\/assets\/assets\/dummy.png\" title=\"Truck transporting large steel oil and gas pipes, excessive load and heavy delivery concept\" width=\"1920\" height=\"1280\" class=\"rev-slidebg tp-rs-img rs-lazyload\" data-lazyload=\"\/\/www.jovi-cargo.com\/wp-content\/uploads\/2021\/10\/transport.jpg\" data-no-retina>\n<!---->\t\t\t\t\t\t<\/rs-slide>\n\t\t\t\t\t<\/rs-slides>\n\t\t\t\t<\/rs-module>\n\t\t\t\t<script type=\"text\/javascript\">\n\t\t\t\t\tsetREVStartSize({c: 'rev_slider_3_1',rl:[1240,1024,778,480],el:[868],gw:[1240],gh:[868],type:'standard',justify:'',layout:'fullwidth',mh:\"0\"});\n\t\t\t\t<\/script>\n\t\t\t<\/rs-module-wrap>\n\t\t\t<!-- END REVOLUTION SLIDER -->\n[\/vc_column_text][\/vc_column][\/vc_row][vc_row css=&#8220;.vc_custom_1635449002750{padding-right: 20% !important;padding-left: 20% !important;}&#8220;][vc_column][vc_column_text]Herausgeber dieser Website ist:<\/p>\n<p><strong>JOVI Cargo KFT.<\/strong><\/p>\n<p>Alsohegyi u 903\/2<br \/>\nH-9111 Teny\u00f6<br \/>\nTelefon (Ungarn): <a href=\"tel:+36304513731\">+36 30 4513731<\/a><br \/>\nTelefon (\u00d6sterreich): <a href=\"tel:+436769201918\">+43 676 9201918<\/a><br \/>\nE-Mail:\u00a0<a href=\"mailto:jovicargokft@gmail.com\">jovicargokft@gmail.com<\/a><\/p>\n<p>Erf\u00fcllungsort: H-9111 Teny\u00f6<br \/>\nGerichtsstand: H-9024 Gy\u00f6r<br \/>\nUSt-ID-Nr.: HU26244389<br \/>\nFirmenbuchnummer: 08-09-029731<\/p>\n<p>Gesch\u00e4ftsf\u00fchrer: Zsolt Siska<\/p>\n<p>Copyright: JOVI Cargo KFT.<\/p>\n<p>Inhaltlich verantwortlich gem\u00e4\u00df \u00a7 55 Abs. 2 RStV: Zsolt Siska<\/p>\n<p>Alle Rechte vorbehalten. S\u00e4mtliche Texte, Bilder, Illustrationen, Dokumente und Dateien unterliegen dem Urheberrecht und anderen Gesetzen zum Schutz des geistigen Eigentums.<\/p>\n<p>Webdesign und Realisierung:<br \/>\nAdviser Consulting \/ Flopsi Media<\/p>\n<h2>Haftungsausschluss<\/h2>\n<p><strong><em>Haftung f\u00fcr Inhalte<\/em><\/strong><br \/>\nAls Diensteanbieter sind wir gem\u00e4\u00df \u00a77 Abs.1 TMG f\u00fcr eigene Inhalte auf diesen Seiten nach den allgemeinen Gesetzen verantwortlich. Nach \u00a78 bis 10 TMG sind wir als Diensteanbieter jedoch nicht verpflichtet, \u00fcbermittelte oder gespeicherte fremde Informationen zu \u00fcberwachen oder nach Umst\u00e4nden zu forschen, die auf eine rechtswidrige T\u00e4tigkeit hinweisen. Verpflichtungen zur Entfernung oder Sperrung der Nutzung von Informationen nach den allgemeinen Gesetzen bleiben hiervon unber\u00fchrt. Eine diesbez\u00fcgliche Haftung ist jedoch erst ab dem Zeitpunkt der Kenntnis einer konkreten Rechtsverletzung m\u00f6glich. Bei Bekanntwerden von entsprechenden Rechtsverletzungen werden wir diese Inhalte umgehend entfernen.<\/p>\n<p><strong><em>Haftung f\u00fcr Links<\/em><\/strong><br \/>\nUnser Angebot enth\u00e4lt Links zu externen Webseiten Dritter, auf deren Inhalte wir keinen Einfluss haben. Deshalb k\u00f6nnen wir f\u00fcr diese fremden Inhalte auch keine Gew\u00e4hr \u00fcbernehmen. F\u00fcr die Inhalte der verlinkten Seiten ist stets der jeweilige Anbieter oder Betreiber der Seiten verantwortlich. Die verlinkten Seiten wurden zum Zeitpunkt der Verlinkung auf m\u00f6gliche Rechtsverst\u00f6\u00dfe \u00fcberpr\u00fcft. Rechtswidrige Inhalte waren zum Zeitpunkt der Verlinkung nicht erkennbar. Eine permanente inhaltliche Kontrolle der verlinkten Seiten ist jedoch ohne konkrete Anhaltspunkte einer Rechtsverletzung nicht zumutbar. Bei Bekanntwerden von Rechtsverletzungen werden wir derartige Links umgehend entfernen.<\/p>\n<p><strong><em>Urheberrecht<\/em><\/strong><br \/>\nDie durch die Seitenbetreiber erstellten Inhalte und Werke auf diesen Seiten unterliegen dem deutschen Urheberrecht. Die Vervielf\u00e4ltigung, Bearbeitung, Verbreitung und jede Art der Verwertung au\u00dferhalb der Grenzen des Urheberrechtes bed\u00fcrfen der schriftlichen Zustimmung des jeweiligen Autors bzw. Erstellers. Downloads und Kopien dieser Seite sind nur f\u00fcr den privaten, nicht kommerziellen Gebrauch gestattet. Soweit die Inhalte auf dieser Seite nicht vom Betreiber erstellt wurden, werden die Urheberrechte Dritter beachtet. Insbesondere werden Inhalte Dritter als solche gekennzeichnet. Sollten Sie trotzdem auf eine Urheberrechtsverletzung aufmerksam werden, bitten wir um einen entsprechenden Hinweis. Bei Bekanntwerden von Rechtsverletzungen werden wir derartige Inhalte umgehend entfernen.[\/vc_column_text][\/vc_column][\/vc_row]<\/p>\n","protected":false},"excerpt":{"rendered":"<p>[vc_row][vc_column][vc_column_text][\/vc_column_text][\/vc_column][\/vc_row][vc_row css=&#8220;.vc_custom_1635449002750{padding-right: 20% !important;padding-left: 20% !important;}&#8220;][vc_column][vc_column_text]Herausgeber dieser Website ist: JOVI Cargo KFT. Alsohegyi u 903\/2 H-9111 Teny\u00f6 Telefon (Ungarn): +36 30 4513731 Telefon (\u00d6sterreich): +43 676 9201918 E-Mail:\u00a0jovicargokft@gmail.com Erf\u00fcllungsort: H-9111 Teny\u00f6 Gerichtsstand: H-9024 Gy\u00f6r USt-ID-Nr.: HU26244389 Firmenbuchnummer: 08-09-029731 Gesch\u00e4ftsf\u00fchrer: Zsolt Siska Copyright: JOVI Cargo KFT. Inhaltlich verantwortlich gem\u00e4\u00df \u00a7 55 Abs. 2 RStV: Zsolt Siska [&hellip;]<\/p>\n","protected":false},"author":1,"featured_media":0,"parent":0,"menu_order":0,"comment_status":"closed","ping_status":"open","template":"one-page-template.php","meta":{"footnotes":""},"class_list":["post-2","page","type-page","status-publish","hentry",""],"yoast_head":"<!-- This site is optimized with the Yoast SEO plugin v19.14 - https:\/\/yoast.com\/wordpress\/plugins\/seo\/ -->\n<title>Impressum - JOVI Cargo KFT<\/title>\n<meta name=\"robots\" content=\"index, follow, max-snippet:-1, max-image-preview:large, max-video-preview:-1\" \/>\n<link rel=\"canonical\" href=\"https:\/\/www.jovi-cargo.com\/de\/impressum\/\" \/>\n<meta property=\"og:locale\" content=\"de_DE\" \/>\n<meta property=\"og:type\" content=\"article\" \/>\n<meta property=\"og:title\" content=\"Impressum - JOVI Cargo KFT\" \/>\n<meta property=\"og:description\" content=\"[vc_row][vc_column][vc_column_text][\/vc_column_text][\/vc_column][\/vc_row][vc_row css=&#8220;.vc_custom_1635449002750{padding-right: 20% !important;padding-left: 20% !important;}&#8220;][vc_column][vc_column_text]Herausgeber dieser Website ist: JOVI Cargo KFT. Alsohegyi u 903\/2 H-9111 Teny\u00f6 Telefon (Ungarn): +36 30 4513731 Telefon (\u00d6sterreich): +43 676 9201918 E-Mail:\u00a0jovicargokft@gmail.com Erf\u00fcllungsort: H-9111 Teny\u00f6 Gerichtsstand: H-9024 Gy\u00f6r USt-ID-Nr.: HU26244389 Firmenbuchnummer: 08-09-029731 Gesch\u00e4ftsf\u00fchrer: Zsolt Siska Copyright: JOVI Cargo KFT. Inhaltlich verantwortlich gem\u00e4\u00df \u00a7 55 Abs. 2 RStV: Zsolt Siska [&hellip;]\" \/>\n<meta property=\"og:url\" content=\"https:\/\/www.jovi-cargo.com\/de\/impressum\/\" \/>\n<meta property=\"og:site_name\" content=\"JOVI Cargo KFT\" \/>\n<meta property=\"article:modified_time\" content=\"2021-11-16T13:12:28+00:00\" \/>\n<meta name=\"twitter:card\" content=\"summary_large_image\" \/>\n<meta name=\"twitter:label1\" content=\"Gesch\u00e4tzte Lesezeit\" \/>\n\t<meta name=\"twitter:data1\" content=\"2\u00a0Minuten\" \/>\n<script type=\"application\/ld+json\" class=\"yoast-schema-graph\">{\"@context\":\"https:\/\/schema.org\",\"@graph\":[{\"@type\":\"WebPage\",\"@id\":\"https:\/\/www.jovi-cargo.com\/de\/impressum\/\",\"url\":\"https:\/\/www.jovi-cargo.com\/de\/impressum\/\",\"name\":\"Impressum - JOVI Cargo KFT\",\"isPartOf\":{\"@id\":\"https:\/\/www.jovi-cargo.com\/#website\"},\"datePublished\":\"2021-10-19T19:08:55+00:00\",\"dateModified\":\"2021-11-16T13:12:28+00:00\",\"breadcrumb\":{\"@id\":\"https:\/\/www.jovi-cargo.com\/de\/impressum\/#breadcrumb\"},\"inLanguage\":\"de\",\"potentialAction\":[{\"@type\":\"ReadAction\",\"target\":[\"https:\/\/www.jovi-cargo.com\/de\/impressum\/\"]}]},{\"@type\":\"BreadcrumbList\",\"@id\":\"https:\/\/www.jovi-cargo.com\/de\/impressum\/#breadcrumb\",\"itemListElement\":[{\"@type\":\"ListItem\",\"position\":1,\"name\":\"Startseite\",\"item\":\"https:\/\/www.jovi-cargo.com\/de\/\"},{\"@type\":\"ListItem\",\"position\":2,\"name\":\"Impressum\"}]},{\"@type\":\"WebSite\",\"@id\":\"https:\/\/www.jovi-cargo.com\/#website\",\"url\":\"https:\/\/www.jovi-cargo.com\/\",\"name\":\"JOVI Cargo KFT\",\"description\":\"Transport\",\"publisher\":{\"@id\":\"https:\/\/www.jovi-cargo.com\/#organization\"},\"potentialAction\":[{\"@type\":\"SearchAction\",\"target\":{\"@type\":\"EntryPoint\",\"urlTemplate\":\"https:\/\/www.jovi-cargo.com\/?s={search_term_string}\"},\"query-input\":\"required name=search_term_string\"}],\"inLanguage\":\"de\"},{\"@type\":\"Organization\",\"@id\":\"https:\/\/www.jovi-cargo.com\/#organization\",\"name\":\"Jovi Cargo KFT.\",\"url\":\"https:\/\/www.jovi-cargo.com\/\",\"logo\":{\"@type\":\"ImageObject\",\"inLanguage\":\"de\",\"@id\":\"https:\/\/www.jovi-cargo.com\/#\/schema\/logo\/image\/\",\"url\":\"https:\/\/www.jovi-cargo.com\/wp-content\/uploads\/2021\/10\/Jovi-Logo-web.png\",\"contentUrl\":\"https:\/\/www.jovi-cargo.com\/wp-content\/uploads\/2021\/10\/Jovi-Logo-web.png\",\"width\":425,\"height\":108,\"caption\":\"Jovi Cargo KFT.\"},\"image\":{\"@id\":\"https:\/\/www.jovi-cargo.com\/#\/schema\/logo\/image\/\"}}]}<\/script>\n<!-- \/ Yoast SEO plugin. -->","yoast_head_json":{"title":"Impressum - JOVI Cargo KFT","robots":{"index":"index","follow":"follow","max-snippet":"max-snippet:-1","max-image-preview":"max-image-preview:large","max-video-preview":"max-video-preview:-1"},"canonical":"https:\/\/www.jovi-cargo.com\/de\/impressum\/","og_locale":"de_DE","og_type":"article","og_title":"Impressum - JOVI Cargo KFT","og_description":"[vc_row][vc_column][vc_column_text][\/vc_column_text][\/vc_column][\/vc_row][vc_row css=&#8220;.vc_custom_1635449002750{padding-right: 20% !important;padding-left: 20% !important;}&#8220;][vc_column][vc_column_text]Herausgeber dieser Website ist: JOVI Cargo KFT. Alsohegyi u 903\/2 H-9111 Teny\u00f6 Telefon (Ungarn): +36 30 4513731 Telefon (\u00d6sterreich): +43 676 9201918 E-Mail:\u00a0jovicargokft@gmail.com Erf\u00fcllungsort: H-9111 Teny\u00f6 Gerichtsstand: H-9024 Gy\u00f6r USt-ID-Nr.: HU26244389 Firmenbuchnummer: 08-09-029731 Gesch\u00e4ftsf\u00fchrer: Zsolt Siska Copyright: JOVI Cargo KFT. Inhaltlich verantwortlich gem\u00e4\u00df \u00a7 55 Abs. 2 RStV: Zsolt Siska [&hellip;]","og_url":"https:\/\/www.jovi-cargo.com\/de\/impressum\/","og_site_name":"JOVI Cargo KFT","article_modified_time":"2021-11-16T13:12:28+00:00","twitter_card":"summary_large_image","twitter_misc":{"Gesch\u00e4tzte Lesezeit":"2\u00a0Minuten"},"schema":{"@context":"https:\/\/schema.org","@graph":[{"@type":"WebPage","@id":"https:\/\/www.jovi-cargo.com\/de\/impressum\/","url":"https:\/\/www.jovi-cargo.com\/de\/impressum\/","name":"Impressum - JOVI Cargo KFT","isPartOf":{"@id":"https:\/\/www.jovi-cargo.com\/#website"},"datePublished":"2021-10-19T19:08:55+00:00","dateModified":"2021-11-16T13:12:28+00:00","breadcrumb":{"@id":"https:\/\/www.jovi-cargo.com\/de\/impressum\/#breadcrumb"},"inLanguage":"de","potentialAction":[{"@type":"ReadAction","target":["https:\/\/www.jovi-cargo.com\/de\/impressum\/"]}]},{"@type":"BreadcrumbList","@id":"https:\/\/www.jovi-cargo.com\/de\/impressum\/#breadcrumb","itemListElement":[{"@type":"ListItem","position":1,"name":"Startseite","item":"https:\/\/www.jovi-cargo.com\/de\/"},{"@type":"ListItem","position":2,"name":"Impressum"}]},{"@type":"WebSite","@id":"https:\/\/www.jovi-cargo.com\/#website","url":"https:\/\/www.jovi-cargo.com\/","name":"JOVI Cargo KFT","description":"Transport","publisher":{"@id":"https:\/\/www.jovi-cargo.com\/#organization"},"potentialAction":[{"@type":"SearchAction","target":{"@type":"EntryPoint","urlTemplate":"https:\/\/www.jovi-cargo.com\/?s={search_term_string}"},"query-input":"required name=search_term_string"}],"inLanguage":"de"},{"@type":"Organization","@id":"https:\/\/www.jovi-cargo.com\/#organization","name":"Jovi Cargo KFT.","url":"https:\/\/www.jovi-cargo.com\/","logo":{"@type":"ImageObject","inLanguage":"de","@id":"https:\/\/www.jovi-cargo.com\/#\/schema\/logo\/image\/","url":"https:\/\/www.jovi-cargo.com\/wp-content\/uploads\/2021\/10\/Jovi-Logo-web.png","contentUrl":"https:\/\/www.jovi-cargo.com\/wp-content\/uploads\/2021\/10\/Jovi-Logo-web.png","width":425,"height":108,"caption":"Jovi Cargo KFT."},"image":{"@id":"https:\/\/www.jovi-cargo.com\/#\/schema\/logo\/image\/"}}]}},"_links":{"self":[{"href":"https:\/\/www.jovi-cargo.com\/de\/wp-json\/wp\/v2\/pages\/2","targetHints":{"allow":["GET"]}}],"collection":[{"href":"https:\/\/www.jovi-cargo.com\/de\/wp-json\/wp\/v2\/pages"}],"about":[{"href":"https:\/\/www.jovi-cargo.com\/de\/wp-json\/wp\/v2\/types\/page"}],"author":[{"embeddable":true,"href":"https:\/\/www.jovi-cargo.com\/de\/wp-json\/wp\/v2\/users\/1"}],"replies":[{"embeddable":true,"href":"https:\/\/www.jovi-cargo.com\/de\/wp-json\/wp\/v2\/comments?post=2"}],"version-history":[{"count":7,"href":"https:\/\/www.jovi-cargo.com\/de\/wp-json\/wp\/v2\/pages\/2\/revisions"}],"predecessor-version":[{"id":363,"href":"https:\/\/www.jovi-cargo.com\/de\/wp-json\/wp\/v2\/pages\/2\/revisions\/363"}],"wp:attachment":[{"href":"https:\/\/www.jovi-cargo.com\/de\/wp-json\/wp\/v2\/media?parent=2"}],"curies":[{"name":"wp","href":"https:\/\/api.w.org\/{rel}","templated":true}]}}